{"id":43,"date":"2017-05-02T23:36:58","date_gmt":"2017-05-02T21:36:58","guid":{"rendered":"http:\/\/www.studiogera.de\/001\/?page_id=43"},"modified":"2018-05-24T17:04:33","modified_gmt":"2018-05-24T15:04:33","slug":"impressum","status":"publish","type":"page","link":"https:\/\/www.studiogera.de\/001\/impressum\/","title":{"rendered":"IMPRESSUM &#038; DATENSCHUTZ"},"content":{"rendered":"<p><strong>Verantwortlich f\u00fcr den Betrieb ist:<\/strong><\/p>\n<p>Marco Felizetti<br \/>\nHeinrich-Zille-Stra\u00dfe 9<br \/>\n07548 Gera<\/p>\n<p>Kontaktadresse: post@studiogera.de<\/p>\n<p>Mit dem Aufrufen der Publikation \u201eGera\u201c \u00fcber die Adressen www.gera-forum.de und www.studiogera.de erkl\u00e4ren Sie sich mit der Erhebung, Verarbeitung und Nutzung von Daten gem\u00e4\u00df der nachfolgenden Beschreibung einverstanden. Unsere Seiten k\u00f6nnen grunds\u00e4tzlich ohne Registrierung besucht werden. Dabei werden Daten wie beispielsweise aufgerufene Seiten bzw. Namen der abgerufenen Datei, Datum und Uhrzeit zu statistischen Zwecken auf dem Server gespeichert, ohne dass diese Daten unmittelbar Ihrer Person zugeordnet werden k\u00f6nnen. Au\u00dferdem sind weitere Dienstanbieter (Google, Facebook, Twitter, Youtube) mit unseren Seiten verkn\u00fcpft, welche Daten f\u00fcr eigene Zwecke verwenden. Zu diesen und anderen personenbezogenen Daten wie E-Mail-Adressen, Namen, Anschriften, Fotografien sowie der L\u00f6schung ebengenannter, lesen Sie bitte die nachfolgenden Ausf\u00fchrungen oder kontaktieren Sie den Betreiber unter post@studiogera.de!<\/p>\n<p>HAFTUNGSAUSSCHLUSS UND DATENSCHUTZ<\/p>\n<p>I.<br \/>\nDie kostenlosen und frei zug\u00e4nglichen Inhalte der Publikation \u201eGera\u201c wurden mit Sorgfalt erstellt. Der Anbieter \u00fcbernimmt jedoch keine Gew\u00e4hr f\u00fcr die Richtigkeit und Aktualit\u00e4t der bereitgestellten kostenlosen und frei zug\u00e4nglichen Artikel. Die Beitr\u00e4ge geben nicht die Meinung des Anbieters wieder. Allein durch den Aufruf der kostenlosen und frei zug\u00e4nglichen Inhalte kommt keinerlei Vertragsverh\u00e4ltnis zwischen dem Nutzer und dem Anbieter zustande, insoweit fehlt es am Rechtsbindungswillen des Anbieters.<\/p>\n<p>II.<br \/>\nDie Publikation \u201eGera\u201c enth\u00e4lt Verkn\u00fcpfungen zu Internetseiten Dritter (&#8222;externe Links&#8220;). Diese Seiten unterliegen der Haftung der jeweiligen Betreiber. Der Anbieter hat bei der erstmaligen Verkn\u00fcpfung die fremden Inhalte \u00fcberpr\u00fcft. Zu dem Zeitpunkt waren keine Rechtsverst\u00f6\u00dfe erkennbar. Der Anbieter hat keinerlei Einfluss auf die aktuelle und zuk\u00fcnftige Gestaltung und auf die Inhalte der verkn\u00fcpften Seiten. Das Setzen von externen Links bedeutet nicht, dass sich der Anbieter die hinter dem Verweis oder Link liegenden Inhalte zu Eigen macht. Eine st\u00e4ndige Kontrolle der externen Links ist f\u00fcr den Anbieter ohne konkrete Hinweise auf Rechtsverst\u00f6\u00dfe nicht zumutbar. Bei Kenntnis von Rechtsverst\u00f6\u00dfen werden jedoch derartige externe Links unverz\u00fcglich gel\u00f6scht.<\/p>\n<p>III.<br \/>\nDie in der Publikation \u201eGera\u201c gezeigten Inhalte unterliegen dem deutschen Urheber- und Leistungsschutzrecht. Jede vom deutschen Urheber- und Leistungsschutzrecht nicht zugelassene Verwertung bedarf der vorherigen schriftlichen Zustimmung des Anbieters oder jeweiligen Rechteinhabers. Dies gilt insbesondere f\u00fcr Vervielf\u00e4ltigung, Bearbeitung, \u00dcbersetzung, Einspeicherung, Verarbeitung bzw. Wiedergabe von Inhalten in Datenbanken oder anderen elektronischen Medien und Systemen. Inhalte und Rechte Dritter sind dabei als solche gekennzeichnet. Die unerlaubte Vervielf\u00e4ltigung oder Weitergabe einzelner Inhalte oder kompletter Seiten ist nicht gestattet und strafbar. Lediglich die Herstellung von Kopien und Downloads f\u00fcr den pers\u00f6nlichen, privaten und nicht kommerziellen Gebrauch ist erlaubt.<br \/>\nDie Darstellung der Publikation \u201eGera\u201c auf fremden Seiten ist nur mit schriftlicher Erlaubnis zul\u00e4ssig.<\/p>\n<p>IIII.<br \/>\nDer Anbieter weist ausdr\u00fccklich darauf hin, dass die Daten\u00fcbertragung im Internet (z. B. bei der Kommunikation per elektronischer Post) Sicherheitsl\u00fccken aufweisen und nicht l\u00fcckenlos vor dem Zugriff durch Dritte gesch\u00fctzt werden kann.<\/p>\n<p>Die Verwendung der Kontaktdaten des Impressums zur gewerblichen Werbung ist ausdr\u00fccklich nicht erw\u00fcnscht, es sei denn, der Anbieter hatte zuvor seine schriftliche Einwilligung erteilt oder es besteht bereits eine Gesch\u00e4ftsbeziehung. Der Anbieter und alle auf den Seiten der Publikation \u201eGera\u201c genannten Personen widersprechen hiermit jeder kommerziellen Verwendung und Weitergabe ihrer Daten.<\/p>\n<p>Mit dem Aufrufen der Publikation \u201eGera\u201c \u00fcber die Adressen www.gera-forum.de und www.studiogera.de erkl\u00e4ren Sie sich mit der Erhebung, Verarbeitung und Nutzung von Daten gem\u00e4\u00df der nachfolgenden Beschreibung einverstanden. Unsere Seiten k\u00f6nnen grunds\u00e4tzlich ohne Registrierung besucht werden. Dabei werden Daten wie beispielsweise aufgerufene Seiten bzw. Namen der abgerufenen Datei, Datum und Uhrzeit zu statistischen Zwecken auf dem Server gespeichert, ohne dass diese Daten unmittelbar Ihrer Person zugeordnet werden k\u00f6nnen.<\/p>\n<p>Soweit auf unseren Seiten weitere personenbezogene Daten (wie Name, Anschrift oder E-Adresse) erhoben werden, erfolgt dies, soweit m\u00f6glich, auf freiwilliger Basis. Diese Daten werden ohne Ihre ausdr\u00fcckliche Zustimmung nicht an Dritte weitergegeben. Sofern zwischen Ihnen und uns ein Vertragsverh\u00e4ltnis begr\u00fcndet, inhaltlich ausgestaltet oder ge\u00e4ndert werden soll oder Sie an uns eine Anfrage stellen, erheben und verwenden wir personenbezogene Daten von Ihnen, soweit dies zu diesen Zwecken erforderlich ist (Bestandsdaten). Wir erheben, verarbeiten und nutzen personenbezogene Daten soweit dies erforderlich ist, um Ihnen die Inanspruchnahme des Webangebots zu erm\u00f6glichen (Nutzungsdaten). S\u00e4mtliche personenbezogenen Daten werden nur solange gespeichert wie dies f\u00fcr den genannten Zweck (Bearbeitung Ihrer Anfrage oder Abwicklung eines Vertrags) erforderlich ist. Hierbei werden steuer- und handelsrechtliche Aufbewahrungsfristen ber\u00fccksichtigt. Auf Anordnung der zust\u00e4ndigen Stellen d\u00fcrfen wir im Einzelfall Auskunft \u00fcber diese Daten (Bestandsdaten) erteilen, soweit dies f\u00fcr Zwecke der Strafverfolgung, zur Gefahrenabwehr, zur Erf\u00fcllung der gesetzlichen Aufgaben der Verfassungsschutzbeh\u00f6rden oder des Milit\u00e4rischen Abschirmdienstes oder zur Durchsetzung der Rechte am geistigen Eigentum erforderlich ist.<\/p>\n<p>Kommentarfunktionen<br \/>\nIm Rahmen der Kommentarfunktion sind Eingaben wie z. B. Name und  E-Mail erforderlich. Bei der Ver\u00f6ffentlichung eines Kommentars wird die von Ihnen angegebene E-Adresse gespeichert, jedoch nicht ver\u00f6ffentlicht. Der eingegebene Name wird ver\u00f6ffentlicht. Wenn Sie dies ablehnen, verwenden Sie ein Pseudonym, dass als solches erkennbar ist.<br \/>\nWenn Besucher Kommentare auf unseren Seiten erstellen, erfassen wir die Daten, die im Kommentar-Formular abgefragt werden, au\u00dferdem die IP-Adresse des Besuchers und den User-Agent-String (damit wird der Browser identifiziert), um die Erkennung von Spam zu unterst\u00fctzen.<br \/>\nAus deiner E-Mail-Adresse kann eine anonymisierte Zeichenfolge erstellt (auch Hash genannt) und dem Gravatar-Dienst \u00fcbergeben werden, um zu pr\u00fcfen, ob du diesen benutzt. Die Datenschutzerkl\u00e4rung des Gravatar-Dienstes finden Sie hier: https:\/\/automattic.com\/privacy\/. Nachdem Ihr Kommentar freigegeben wurde, ist Ihr Profilbild \u00f6ffentlich im Kontext Ihres Kommentars sichtbar. Auf Wunsch werden alle Ihre Angaben gel\u00f6scht.<\/p>\n<p>Datenschutzerkl\u00e4rung f\u00fcr Cookies<br \/>\nEs werden sogenannte Cookies zum Wiedererkennen mehrfacher Nutzung unseres Angebots durch denselben Nutzer eingesetzt. Cookies sind kleine Textdateien, die Ihr Internet-Browser auf Ihrem Rechner ablegt und speichert. Wenn Sie unsere Seite erneut aufrufen, geben diese Cookies Informationen ab, um Sie automatisch wiederzuerkennen. Die so erlangten Informationen dienen dazu, unsere Angebote zu optimieren und Ihnen einen leichteren Zugang auf unsere Seite zu erm\u00f6glichen.<br \/>\nDas Speichern von Cookies auf Ihrer Festplatte k\u00f6nnen Sie allgemein verhindern, indem Sie in Ihren Browser-Einstellungen &#8222;keine Cookies akzeptieren&#8220; w\u00e4hlen. Dies kann aber eine Funktionseinschr\u00e4nkung unserer Angebote zur Folge haben.<\/p>\n<p>Datenschutzerkl\u00e4rung f\u00fcr das Facebook-Plugin (\u201egef\u00e4llt mir\u201c)<br \/>\nEs werden Plugins des Anbieters Facebook.com genutzt, welche durch das Unternehmen Facebook Inc., 1601 S. California Avenue, Palo Alto, CA 94304 in den USA bereitgestellt werden. Nutzer unserer Seiten, auf der das Facebook-Plugin (Schaltfl\u00e4che \u201egef\u00e4llt mir\u201c) installiert ist, werden hiermit darauf hingewiesen, dass durch das Plugin eine Verbindung zu Facebook aufgebaut wird, wodurch eine \u00dcbermittlung an Ihren Browser durchgef\u00fchrt wird, damit das Plugin auf der Webseite erscheint.<br \/>\nDes Weiteren werden durch die Nutzung Daten an die Facebook-Server weitergeleitet, welche Informationen \u00fcber Ihre Webseitenbesuche auf unserer Homepage enthalten. Dies hat f\u00fcr eingeloggte Facebook-Nutzer zur Folge, dass die Nutzungsdaten Ihrem pers\u00f6nlichen Facebook-Account zugeordnet werden.<br \/>\nSobald Sie als eingeloggter Facebook-Nutzer aktiv das Facebook-Plugin nutzen (z. B. durch das Klicken auf den \u201egef\u00e4llt mir\u201c Knopf oder die Nutzung der Kommentarfunktion), werden diese Daten zu Ihrem Facebook-Account \u00fcbertragen und ver\u00f6ffentlicht. Dies k\u00f6nnen Sie nur durch vorheriges Ausloggen aus Ihrem Facebook-Account umgehen.<br \/>\nWeitere Information bez\u00fcglich der Datennutzung durch Facebook entnehmen Sie bitte den datenschutzrechtlichen Bestimmungen auf Facebook unter http:\/\/de-de.facebook.com\/policy.php.<\/p>\n<p>Datenschutzerkl\u00e4rung f\u00fcr den Analysedienst Google Analytics<br \/>\nUnsere Seiten verwenden Google Analytics, einen Webanalysedienst der Google Inc. (&#8222;Google&#8220;). Google-Analytics verwendet sog. &#8222;Cookies&#8220;, Textdateien, die auf Ihrem Computer gespeichert werden und die eine Analyse der Benutzung unserer Seiten durch Sie erm\u00f6glichen. Die durch den Cookie erzeugten Informationen \u00fcber Ihre Benutzung dieser Website werden in der Regel an einen Server von Google in den USA \u00fcbertragen und dort gespeichert. Wir haben die IP-Anonymisierung aktiviert. Auf unseren Seiten wird Ihre IP-Adresse von Google daher innerhalb von Mitgliedstaaten der Europ\u00e4ischen Union oder in anderen Vertragsstaaten des Abkommens \u00fcber den Europ\u00e4ischen Wirtschaftsraum zuvor gek\u00fcrzt. Nur in Ausnahmef\u00e4llen wird die volle IP-Adresse an einen Server von Google in den USA \u00fcbertragen und dort gek\u00fcrzt. Mit Billigung des Betreibers unserer Seite wird Google diese Informationen benutzen, um Ihre Nutzung der Publikation \u201eGera\u201c auszuwerten, um Reports \u00fcber die Seitenaktivit\u00e4ten zusammenzustellen und um weitere mit der Seitennutzung und der Internetnutzung verbundene Dienstleistungen gegen\u00fcber dem Betreiber zu erbringen. Die im Rahmen von Google-Analytics von Ihrem Browser \u00fcbermittelte IP-Adresse wird nicht mit anderen Daten von Google zusammengef\u00fchrt. Sie k\u00f6nnen die Speicherung der Cookies durch eine entsprechende Einstellung Ihrer Browser-Software verhindern; wir weisen Sie jedoch darauf hin, dass Sie in diesem Fall gegebenenfalls nicht s\u00e4mtliche Funktionen dieser Website vollumf\u00e4nglich werden nutzen k\u00f6nnen. Sie k\u00f6nnen dar\u00fcber hinaus die Erfassung der durch das Cookie erzeugten und auf Ihre Nutzung der Website bezogenen Daten (inkl. Ihrer IP-Adresse) an Google sowie die Verarbeitung dieser Daten durch Google verhindern, indem sie das unter dem folgenden Link verf\u00fcgbare Browser-Plugin herunterladen und installieren: http:\/\/tools.google.com\/dlpage\/gaoptout?hl=de<\/p>\n<p>Datenschutzerkl\u00e4rung f\u00fcr den Anzeigendienst Google-Adsense<br \/>\nUnsere Seiten verwenden Google-Adsense, einen Anzeigendienst der Google Inc., USA (&#8222;Google&#8220;). Google-Adsense verwendet sog. &#8222;Cookies&#8220; (Textdateien), die auf Ihrem Computer gespeichert werden und die eine Analyse der Benutzung der Website durch Sie erm\u00f6glicht. Google-Adsense verwendet auch sog. &#8222;Web-Beacons&#8220; (kleine unsichtbare Grafiken) zur Sammlung von Informationen. Durch die Verwendung des Web Beacons k\u00f6nnen einfache Aktionen wie der Besucherverkehr auf der Webseite aufgezeichnet und gesammelt werden. Die durch den Cookie und\/oder Web-Beacon erzeugten Informationen \u00fcber Ihre Benutzung unserer Seiten (einschlie\u00dflich Ihrer IP-Adresse) werden an einen Server von Google in den USA \u00fcbertragen und dort gespeichert. Google wird diese Informationen benutzen, um Ihre Nutzung unserer Seiten im Hinblick auf die Anzeigen auszuwerten, um Reports \u00fcber die Seitenaktivit\u00e4ten und Anzeigen f\u00fcr die Seitenbetreiber zusammenzustellen und um weitere mit der Seitennutzung und der Internetnutzung verbundene Dienstleistungen zu erbringen. Auch wird Google diese Informationen gegebenenfalls an Dritte \u00fcbertragen, sofern dies gesetzlich vorgeschrieben oder soweit Dritte diese Daten im Auftrag von Google verarbeiten. Google wird in keinem Fall Ihre IP-Adresse mit anderen Daten der Google in Verbindung bringen. Das Speichern von Cookies auf Ihrer Festplatte und die Anzeige von Web-Beacons k\u00f6nnen Sie verhindern, indem Sie in Ihren Browser-Einstellungen &#8222;keine Cookies akzeptieren&#8220; w\u00e4hlen (Im MS Internet-Explorer unter &#8222;Extras > Internetoptionen > Datenschutz > Einstellung&#8220;; im Firefox unter &#8222;Extras > Einstellungen > Datenschutz > Cookies&#8220;); wir weisen Sie jedoch darauf hin, dass Sie in diesem Fall gegebenenfalls nicht s\u00e4mtliche Funktionen unserer Seiten voll umf\u00e4nglich nutzen k\u00f6nnen. Durch die Nutzung unserer Seiten erkl\u00e4ren Sie sich mit der Bearbeitung der \u00fcber Sie erhobenen Daten durch Google in der zuvor beschriebenen Art und Weise und zu dem zuvor benannten Zweck einverstanden.<\/p>\n<p>Datenschutzerkl\u00e4rung f\u00fcr das soziale Netzwerk Google-Plus<br \/>\nUnsere Seiten verwenden die sog. \u201eG +1\u201c-Schaltfl\u00e4che des sozialen Netzwerkes Google-Plus, welches von der Google Inc., 1600 Amphitheatre Parkway, Mountain View, CA 94043, United States betrieben wird (\u201eGoogle\u201c). Die Schaltfl\u00e4che ist an dem Zeichen \u201eG +1\u201c zu erkennen. Wenn Sie bei Google-Plus registriert sind, k\u00f6nnen Sie mit der \u201eG +1\u201c Schaltfl\u00e4che Ihr Interesse an unseren Seiten bekunden und Inhalte von unseren Seiten \u00fcber Google Plus mit anderen teilen. In dem Falle speichert Google sowohl die Information, dass Sie f\u00fcr einen unserer Inhalte ein \u201eG +1\u201c gegeben haben, als auch Informationen \u00fcber die Seite, die Sie dabei angesehen haben. Ihre \u201eG +1\u201c k\u00f6nnen m\u00f6glicherweise zusammen mit Ihrem Namen (ggf. auch mit Foto &#8211; soweit vorhanden) bei Google Plus in weiteren Google-Diensten, wie der Google Suche oder Ihrem Google-Profil, eingeblendet werden.<br \/>\nZweck und Umfang der Datenerhebung und die weitere Verarbeitung und Nutzung der Daten durch Google sowie Ihre diesbez\u00fcglichen Rechte und Einstellungsm\u00f6glichkeiten zum Schutz Ihrer Privatsph\u00e4re entnehmen Sie bitte Googles Datenschutzhinweisen:<br \/>\nhttps:\/\/www.google.com\/intl\/de\/policies\/privacy\/<br \/>\nDatenschutzerkl\u00e4rung f\u00fcr die Nutzung von dem Webmessagedienst twitter.com<br \/>\nWir haben auf unserer Webseite auch den Webmessagedienst twitter.com integriert. Dieser wird durch die Twitter Inc., 1355 Market St, Suite 900, San Francisco, CA 94103, USA bereitgestellt. Twitter bietet die sog. \u201eTweet\u201c \u2013 Funktion an. Damit kann man Nachrichten mit einer L\u00e4nge von 140 Zeichen auch mit Seitenlinks in seinem eigenen Twitteraccount ver\u00f6ffentlichen. Wenn Sie die \u201eTweet\u201c-Funktion von Twitter auf unseren Webseiten nutzen, wird die jeweilige Webseite mit Ihrem Account auf Twitter verkn\u00fcpft und dort ggf. \u00f6ffentlich bekannt gegeben. Hierbei werden auch Daten an Twitter \u00fcbertragen.<br \/>\nVon dem Inhalt der \u00fcbermittelten Daten und deren Nutzung durch Twitter erhalten wir keine Kenntnis. Konsultieren Sie daher f\u00fcr weitere Informationen die Datenschutzerkl\u00e4rung von Twitter: http:\/\/twitter.com\/privacy<br \/>\nTwitter bietet Ihnen unter nachfolgendem Link die M\u00f6glichkeit, Ihre Datenschutzeinstellungen selbst festzulegen: http:\/\/twitter.com\/account\/settings.<br \/>\nAuskunftsrecht<br \/>\nSie haben das jederzeitige Recht, sich unentgeltlich und unverz\u00fcglich \u00fcber die zu Ihrer Person erhobenen Daten zu erkundigen. Sie haben das jederzeitige Recht, Ihre Zustimmung zur Verwendung Ihrer angegeben pers\u00f6nlichen Daten mit Wirkung f\u00fcr die Zukunft zu widerrufen. Zur Auskunftserteilung wenden Sie sich bitte an den Anbieter unter den Kontaktdaten im Impressum.<\/p>\n<p>V.<br \/>\nSoweit besondere Bedingungen f\u00fcr einzelne Nutzungen unserer Seiten von den vorgenannten Nummern I. bis IIII. abweichen, wird an entsprechender Stelle ausdr\u00fccklich darauf hingewiesen. In diesem Falle gelten im jeweiligen Einzelfall die besonderen Nutzungsbedingungen.<\/p>\n","protected":false},"excerpt":{"rendered":"<div class=\"mh-excerpt\"><p>Verantwortlich f\u00fcr den Betrieb ist: Marco Felizetti Heinrich-Zille-Stra\u00dfe 9 07548 Gera Kontaktadresse: post@studiogera.de Mit dem Aufrufen der Publikation \u201eGera\u201c \u00fcber die Adressen www.gera-forum.de und www.studiogera.de erkl\u00e4ren Sie sich mit der Erhebung, Verarbeitung und Nutzung von <a class=\"mh-excerpt-more\" href=\"https:\/\/www.studiogera.de\/001\/impressum\/\" title=\"IMPRESSUM &#038; DATENSCHUTZ\">[&#8230;]<\/a><\/p>\n<\/div>","protected":false},"author":1,"featured_media":0,"parent":0,"menu_order":0,"comment_status":"closed","ping_status":"closed","template":"","meta":{"footnotes":""},"class_list":["post-43","page","type-page","status-publish"],"_links":{"self":[{"href":"https:\/\/www.studiogera.de\/001\/wp-json\/wp\/v2\/pages\/43","targetHints":{"allow":["GET"]}}],"collection":[{"href":"https:\/\/www.studiogera.de\/001\/wp-json\/wp\/v2\/pages"}],"about":[{"href":"https:\/\/www.studiogera.de\/001\/wp-json\/wp\/v2\/types\/page"}],"author":[{"embeddable":true,"href":"https:\/\/www.studiogera.de\/001\/wp-json\/wp\/v2\/users\/1"}],"replies":[{"embeddable":true,"href":"https:\/\/www.studiogera.de\/001\/wp-json\/wp\/v2\/comments?post=43"}],"version-history":[{"count":13,"href":"https:\/\/www.studiogera.de\/001\/wp-json\/wp\/v2\/pages\/43\/revisions"}],"predecessor-version":[{"id":3927,"href":"https:\/\/www.studiogera.de\/001\/wp-json\/wp\/v2\/pages\/43\/revisions\/3927"}],"wp:attachment":[{"href":"https:\/\/www.studiogera.de\/001\/wp-json\/wp\/v2\/media?parent=43"}],"curies":[{"name":"wp","href":"https:\/\/api.w.org\/{rel}","templated":true}]}}